{"id":259,"date":"2025-02-11T07:58:30","date_gmt":"2025-02-11T07:58:30","guid":{"rendered":"https:\/\/admiring-wescoff.37-153-91-205.plesk.page\/?page_id=259"},"modified":"2025-03-10T08:30:08","modified_gmt":"2025-03-10T07:30:08","slug":"sobre-nosotros","status":"publish","type":"page","link":"https:\/\/arquitecturamr.com\/en\/sobre-nosotros\/","title":{"rendered":"Sobre nosotros"},"content":{"rendered":"<div data-elementor-type=\"wp-page\" data-elementor-id=\"259\" class=\"elementor elementor-259\">\n\t\t\t\t<div class=\"elementor-element elementor-element-ed026b0 e-flex e-con-boxed wpr-particle-no wpr-jarallax-no wpr-parallax-no wpr-sticky-section-no e-con e-parent\" data-id=\"ed026b0\" data-element_type=\"container\" data-e-type=\"container\">\n\t\t\t\t\t<div class=\"e-con-inner\">\n\t\t\t\t<div class=\"elementor-element elementor-element-d0c2218 elementor-widget elementor-widget-text-editor\" data-id=\"d0c2218\" data-element_type=\"widget\" data-e-type=\"widget\" data-widget_type=\"text-editor.default\">\n\t\t\t\t<div class=\"elementor-widget-container\">\n\t\t\t\t\t\t\t\t\t<p><span style=\"font-size: 20px;\">Bienvenido a&nbsp;<span style=\"text-decoration: underline;\"><strong>ARQUITECTURA MR<\/strong><\/span>, somos un equipo multidisciplinar de especialistas en asistencias t\u00e9cnicas, c\u00e1lculo de estructuras, obras y redacci\u00f3n de proyectos con m\u00e1s de 25 a\u00f1os de experiencia.&nbsp;<\/span><span style=\"font-size: 20px; color: var( --e-global-color-secondary ); font-weight: var( --e-global-typography-text-font-weight ); text-align: var(--text-align);\">Solicite presupuesto sin compromiso.&nbsp;<\/span><\/p><p><span style=\"font-size: 20px;\">Estamos a su disposici\u00f3n a un precio competitivo para un servicio inmejorable.<\/span><\/p>\t\t\t\t\t\t\t\t<\/div>\n\t\t\t\t<\/div>\n\t\t\t\t\t<\/div>\n\t\t\t\t<\/div>\n\t\t<div class=\"elementor-element elementor-element-c2c97ad e-flex e-con-boxed wpr-particle-no wpr-jarallax-no wpr-parallax-no wpr-sticky-section-no e-con e-parent\" data-id=\"c2c97ad\" data-element_type=\"container\" data-e-type=\"container\">\n\t\t\t\t\t<div class=\"e-con-inner\">\n\t\t\t\t<div class=\"elementor-element elementor-element-e1abc10 elementor-widget elementor-widget-image\" data-id=\"e1abc10\" data-element_type=\"widget\" data-e-type=\"widget\" data-widget_type=\"image.default\">\n\t\t\t\t<div class=\"elementor-widget-container\">\n\t\t\t\t\t\t\t\t\t\t\t\t\t\t\t<img fetchpriority=\"high\" decoding=\"async\" width=\"650\" height=\"520\" src=\"https:\/\/arquitecturamr.com\/wp-content\/uploads\/2025\/02\/photo_2025-02-14_13-15-24.jpg\" class=\"attachment-large size-large wp-image-716\" alt=\"\" srcset=\"https:\/\/arquitecturamr.com\/wp-content\/uploads\/2025\/02\/photo_2025-02-14_13-15-24.jpg 650w, https:\/\/arquitecturamr.com\/wp-content\/uploads\/2025\/02\/photo_2025-02-14_13-15-24-300x240.jpg 300w\" sizes=\"(max-width: 650px) 100vw, 650px\" \/>\t\t\t\t\t\t\t\t\t\t\t\t\t\t\t<\/div>\n\t\t\t\t<\/div>\n\t\t\t\t\t<\/div>\n\t\t\t\t<\/div>\n\t\t\t\t<\/div>","protected":false},"excerpt":{"rendered":"<p>Bienvenido a&nbsp;ARQUITECTURA MR, somos un equipo multidisciplinar de especialistas en asistencias t\u00e9cnicas, c\u00e1lculo de estructuras, obras y redacci\u00f3n de proyectos con m\u00e1s de 25 a\u00f1os de experiencia.&nbsp;Solicite presupuesto sin compromiso.&nbsp; Estamos a su disposici\u00f3n a un precio competitivo para un servicio inmejorable.<\/p>","protected":false},"author":1,"featured_media":0,"parent":0,"menu_order":0,"comment_status":"closed","ping_status":"closed","template":"","meta":{"footnotes":""},"class_list":["post-259","page","type-page","status-publish","hentry"],"yoast_head":"<!-- This site is optimized with the Yoast SEO plugin v27.2 - https:\/\/yoast.com\/product\/yoast-seo-wordpress\/ -->\n<title>Sobre nosotros - Arquitectura MR<\/title>\n<meta name=\"robots\" content=\"index, follow, max-snippet:-1, max-image-preview:large, max-video-preview:-1\" \/>\n<link rel=\"canonical\" href=\"https:\/\/arquitecturamr.com\/en\/sobre-nosotros\/\" \/>\n<meta property=\"og:locale\" content=\"en_GB\" \/>\n<meta property=\"og:type\" content=\"article\" \/>\n<meta property=\"og:title\" content=\"Sobre nosotros - Arquitectura MR\" \/>\n<meta property=\"og:description\" content=\"Bienvenido a&nbsp;ARQUITECTURA MR, somos un equipo multidisciplinar de especialistas en asistencias t\u00e9cnicas, c\u00e1lculo de estructuras, obras y redacci\u00f3n de proyectos con m\u00e1s de 25 a\u00f1os de experiencia.&nbsp;Solicite presupuesto sin compromiso.&nbsp; Estamos a su disposici\u00f3n a un precio competitivo para un servicio inmejorable.\" \/>\n<meta property=\"og:url\" content=\"https:\/\/arquitecturamr.com\/en\/sobre-nosotros\/\" \/>\n<meta property=\"og:site_name\" content=\"Arquitectura MR\" \/>\n<meta property=\"article:modified_time\" content=\"2025-03-10T07:30:08+00:00\" \/>\n<meta property=\"og:image\" content=\"https:\/\/arquitecturamr.com\/wp-content\/uploads\/2025\/02\/photo_2025-02-14_13-15-24.jpg\" \/>\n\t<meta property=\"og:image:width\" content=\"650\" \/>\n\t<meta property=\"og:image:height\" content=\"520\" \/>\n\t<meta property=\"og:image:type\" content=\"image\/jpeg\" \/>\n<meta name=\"twitter:card\" content=\"summary_large_image\" \/>\n<meta name=\"twitter:label1\" content=\"Estimated reading time\" \/>\n\t<meta name=\"twitter:data1\" content=\"1 minute\" \/>\n<script type=\"application\/ld+json\" class=\"yoast-schema-graph\">{\"@context\":\"https:\/\/schema.org\",\"@graph\":[{\"@type\":\"WebPage\",\"@id\":\"https:\/\/arquitecturamr.com\/sobre-nosotros\/\",\"url\":\"https:\/\/arquitecturamr.com\/sobre-nosotros\/\",\"name\":\"Sobre nosotros - Arquitectura MR\",\"isPartOf\":{\"@id\":\"https:\/\/arquitecturamr.com\/#website\"},\"primaryImageOfPage\":{\"@id\":\"https:\/\/arquitecturamr.com\/sobre-nosotros\/#primaryimage\"},\"image\":{\"@id\":\"https:\/\/arquitecturamr.com\/sobre-nosotros\/#primaryimage\"},\"thumbnailUrl\":\"https:\/\/arquitecturamr.com\/wp-content\/uploads\/2025\/02\/photo_2025-02-14_13-15-24.jpg\",\"datePublished\":\"2025-02-11T07:58:30+00:00\",\"dateModified\":\"2025-03-10T07:30:08+00:00\",\"breadcrumb\":{\"@id\":\"https:\/\/arquitecturamr.com\/sobre-nosotros\/#breadcrumb\"},\"inLanguage\":\"en-GB\",\"potentialAction\":[{\"@type\":\"ReadAction\",\"target\":[\"https:\/\/arquitecturamr.com\/sobre-nosotros\/\"]}]},{\"@type\":\"ImageObject\",\"inLanguage\":\"en-GB\",\"@id\":\"https:\/\/arquitecturamr.com\/sobre-nosotros\/#primaryimage\",\"url\":\"https:\/\/arquitecturamr.com\/wp-content\/uploads\/2025\/02\/photo_2025-02-14_13-15-24.jpg\",\"contentUrl\":\"https:\/\/arquitecturamr.com\/wp-content\/uploads\/2025\/02\/photo_2025-02-14_13-15-24.jpg\"},{\"@type\":\"BreadcrumbList\",\"@id\":\"https:\/\/arquitecturamr.com\/sobre-nosotros\/#breadcrumb\",\"itemListElement\":[{\"@type\":\"ListItem\",\"position\":1,\"name\":\"Portada\",\"item\":\"https:\/\/arquitecturamr.com\/\"},{\"@type\":\"ListItem\",\"position\":2,\"name\":\"Sobre nosotros\"}]},{\"@type\":\"WebSite\",\"@id\":\"https:\/\/arquitecturamr.com\/#website\",\"url\":\"https:\/\/arquitecturamr.com\/\",\"name\":\"Arquitectura MR\",\"description\":\"\",\"potentialAction\":[{\"@type\":\"SearchAction\",\"target\":{\"@type\":\"EntryPoint\",\"urlTemplate\":\"https:\/\/arquitecturamr.com\/?s={search_term_string}\"},\"query-input\":{\"@type\":\"PropertyValueSpecification\",\"valueRequired\":true,\"valueName\":\"search_term_string\"}}],\"inLanguage\":\"en-GB\"}]}<\/script>\n<!-- \/ Yoast SEO plugin. -->","yoast_head_json":{"title":"Sobre nosotros - Arquitectura MR","robots":{"index":"index","follow":"follow","max-snippet":"max-snippet:-1","max-image-preview":"max-image-preview:large","max-video-preview":"max-video-preview:-1"},"canonical":"https:\/\/arquitecturamr.com\/en\/sobre-nosotros\/","og_locale":"en_GB","og_type":"article","og_title":"Sobre nosotros - Arquitectura MR","og_description":"Bienvenido a&nbsp;ARQUITECTURA MR, somos un equipo multidisciplinar de especialistas en asistencias t\u00e9cnicas, c\u00e1lculo de estructuras, obras y redacci\u00f3n de proyectos con m\u00e1s de 25 a\u00f1os de experiencia.&nbsp;Solicite presupuesto sin compromiso.&nbsp; Estamos a su disposici\u00f3n a un precio competitivo para un servicio inmejorable.","og_url":"https:\/\/arquitecturamr.com\/en\/sobre-nosotros\/","og_site_name":"Arquitectura MR","article_modified_time":"2025-03-10T07:30:08+00:00","og_image":[{"width":650,"height":520,"url":"https:\/\/arquitecturamr.com\/wp-content\/uploads\/2025\/02\/photo_2025-02-14_13-15-24.jpg","type":"image\/jpeg"}],"twitter_card":"summary_large_image","twitter_misc":{"Estimated reading time":"1 minute"},"schema":{"@context":"https:\/\/schema.org","@graph":[{"@type":"WebPage","@id":"https:\/\/arquitecturamr.com\/sobre-nosotros\/","url":"https:\/\/arquitecturamr.com\/sobre-nosotros\/","name":"Sobre nosotros - Arquitectura MR","isPartOf":{"@id":"https:\/\/arquitecturamr.com\/#website"},"primaryImageOfPage":{"@id":"https:\/\/arquitecturamr.com\/sobre-nosotros\/#primaryimage"},"image":{"@id":"https:\/\/arquitecturamr.com\/sobre-nosotros\/#primaryimage"},"thumbnailUrl":"https:\/\/arquitecturamr.com\/wp-content\/uploads\/2025\/02\/photo_2025-02-14_13-15-24.jpg","datePublished":"2025-02-11T07:58:30+00:00","dateModified":"2025-03-10T07:30:08+00:00","breadcrumb":{"@id":"https:\/\/arquitecturamr.com\/sobre-nosotros\/#breadcrumb"},"inLanguage":"en-GB","potentialAction":[{"@type":"ReadAction","target":["https:\/\/arquitecturamr.com\/sobre-nosotros\/"]}]},{"@type":"ImageObject","inLanguage":"en-GB","@id":"https:\/\/arquitecturamr.com\/sobre-nosotros\/#primaryimage","url":"https:\/\/arquitecturamr.com\/wp-content\/uploads\/2025\/02\/photo_2025-02-14_13-15-24.jpg","contentUrl":"https:\/\/arquitecturamr.com\/wp-content\/uploads\/2025\/02\/photo_2025-02-14_13-15-24.jpg"},{"@type":"BreadcrumbList","@id":"https:\/\/arquitecturamr.com\/sobre-nosotros\/#breadcrumb","itemListElement":[{"@type":"ListItem","position":1,"name":"Portada","item":"https:\/\/arquitecturamr.com\/"},{"@type":"ListItem","position":2,"name":"Sobre nosotros"}]},{"@type":"WebSite","@id":"https:\/\/arquitecturamr.com\/#website","url":"https:\/\/arquitecturamr.com\/","name":"Arquitectura MR","description":"","potentialAction":[{"@type":"SearchAction","target":{"@type":"EntryPoint","urlTemplate":"https:\/\/arquitecturamr.com\/?s={search_term_string}"},"query-input":{"@type":"PropertyValueSpecification","valueRequired":true,"valueName":"search_term_string"}}],"inLanguage":"en-GB"}]}},"_links":{"self":[{"href":"https:\/\/arquitecturamr.com\/en\/wp-json\/wp\/v2\/pages\/259","targetHints":{"allow":["GET"]}}],"collection":[{"href":"https:\/\/arquitecturamr.com\/en\/wp-json\/wp\/v2\/pages"}],"about":[{"href":"https:\/\/arquitecturamr.com\/en\/wp-json\/wp\/v2\/types\/page"}],"author":[{"embeddable":true,"href":"https:\/\/arquitecturamr.com\/en\/wp-json\/wp\/v2\/users\/1"}],"replies":[{"embeddable":true,"href":"https:\/\/arquitecturamr.com\/en\/wp-json\/wp\/v2\/comments?post=259"}],"version-history":[{"count":15,"href":"https:\/\/arquitecturamr.com\/en\/wp-json\/wp\/v2\/pages\/259\/revisions"}],"predecessor-version":[{"id":1237,"href":"https:\/\/arquitecturamr.com\/en\/wp-json\/wp\/v2\/pages\/259\/revisions\/1237"}],"wp:attachment":[{"href":"https:\/\/arquitecturamr.com\/en\/wp-json\/wp\/v2\/media?parent=259"}],"curies":[{"name":"wp","href":"https:\/\/api.w.org\/{rel}","templated":true}]}}