{"id":933,"date":"2025-02-17T09:08:33","date_gmt":"2025-02-17T08:08:33","guid":{"rendered":"https:\/\/arquitecturamr.com\/?page_id=933"},"modified":"2025-07-15T11:19:14","modified_gmt":"2025-07-15T10:19:14","slug":"servicios","status":"publish","type":"page","link":"https:\/\/arquitecturamr.com\/en\/servicios\/","title":{"rendered":"Servicios"},"content":{"rendered":"<div data-elementor-type=\"wp-page\" data-elementor-id=\"933\" class=\"elementor elementor-933\">\n\t\t\t\t<div class=\"elementor-element elementor-element-5ad4869 e-flex e-con-boxed wpr-particle-no wpr-jarallax-no wpr-parallax-no wpr-sticky-section-no e-con e-parent\" data-id=\"5ad4869\" data-element_type=\"container\" data-e-type=\"container\">\n\t\t\t\t\t<div class=\"e-con-inner\">\n\t\t\t\t<div class=\"elementor-element elementor-element-106c816 elementor-widget elementor-widget-text-editor\" data-id=\"106c816\" data-element_type=\"widget\" data-e-type=\"widget\" data-widget_type=\"text-editor.default\">\n\t\t\t\t<div class=\"elementor-widget-container\">\n\t\t\t\t\t\t\t\t\t<p data-start=\"201\" data-end=\"572\">En <strong data-start=\"204\" data-end=\"223\">Arquitectura MR<\/strong> transformamos tus ideas en realidades concretas con profesionalismo, cercan\u00eda y creatividad.<br data-start=\"316\" data-end=\"319\" \/>Somos un estudio con m\u00e1s de 25 a\u00f1os de experiencia, especializado en servicios de arquitectura t\u00e9cnica y construcci\u00f3n en Andaluc\u00eda. Nuestro enfoque se basa en el acompa\u00f1amiento integral: desde la concepci\u00f3n inicial del proyecto hasta su ejecuci\u00f3n final.<\/p><p data-start=\"574\" data-end=\"893\">Nos dedicamos a la <strong data-start=\"593\" data-end=\"634\">redacci\u00f3n de proyectos personalizados<\/strong>, cuidando cada detalle para que el resultado final refleje fielmente tu visi\u00f3n, estilo y necesidades. Adem\u00e1s, nos encargamos de la <strong data-start=\"766\" data-end=\"787\">direcci\u00f3n de obra<\/strong>, supervisando cada fase constructiva para garantizar calidad, cumplimiento de plazos y normativa vigente.<\/p><p data-start=\"895\" data-end=\"1216\">\u00bfNecesitas un <strong data-start=\"909\" data-end=\"932\">c\u00e1lculo estructural<\/strong> riguroso y eficiente? Nuestro equipo t\u00e9cnico analiza y desarrolla soluciones seguras y adaptadas a cada tipo de edificaci\u00f3n, ya sea residencial, comercial o industrial. Tambi\u00e9n realizamos <strong data-start=\"1121\" data-end=\"1154\">tasaciones precisas y fiables<\/strong>, ofreci\u00e9ndote un valor justo y transparente de tus inmuebles.<\/p><p data-start=\"1218\" data-end=\"1577\">En el \u00e1mbito de los <strong data-start=\"1238\" data-end=\"1266\">tr\u00e1mites administrativos<\/strong>, facilitamos todo el proceso. Gestionamos <strong data-start=\"1309\" data-end=\"1337\">certificados energ\u00e9ticos<\/strong> para mejorar la eficiencia y reducir costes. Nos ocupamos de <strong data-start=\"1399\" data-end=\"1437\">declaraciones responsables de obra<\/strong>, <strong data-start=\"1439\" data-end=\"1469\">parcelaciones urban\u00edsticas<\/strong> y <strong data-start=\"1472\" data-end=\"1502\">certificados de antig\u00fcedad<\/strong>, asegurando que cada propiedad cumpla con las exigencias legales actuales.<\/p><p data-start=\"1579\" data-end=\"1891\">Adem\u00e1s, contamos con amplia experiencia en la gesti\u00f3n de <strong data-start=\"1636\" data-end=\"1678\">asimilados a fuera de ordenaci\u00f3n (AFO)<\/strong>, regularizando edificaciones y otorg\u00e1ndoles seguridad jur\u00eddica. Tambi\u00e9n realizamos <strong data-start=\"1762\" data-end=\"1794\">mediciones georreferenciadas<\/strong> con tecnolog\u00eda avanzada, garantizando la precisi\u00f3n en la delimitaci\u00f3n de parcelas y propiedades.<\/p><h3 data-start=\"1893\" data-end=\"1953\">Servicios especializados en Ja\u00e9n, Alcal\u00e1 la Real y Mijas<\/h3><p data-start=\"1955\" data-end=\"2365\">En <strong data-start=\"1958\" data-end=\"1966\">Ja\u00e9n<\/strong> y su entorno \u2014incluyendo especialmente <strong data-start=\"2006\" data-end=\"2024\">Alcal\u00e1 la Real<\/strong>, donde conocemos a fondo las necesidades urban\u00edsticas y rurales\u2014, ofrecemos un servicio cercano y personalizado. Nos especializamos en reformas, legalizaciones, certificaciones y proyectos adaptados tanto a cascos hist\u00f3ricos como a zonas rurales, ayudando a preservar la identidad local mientras integramos soluciones modernas y eficientes.<\/p><p data-start=\"2367\" data-end=\"2879\">Por otro lado, en la <strong data-start=\"2388\" data-end=\"2405\">zona de Mijas<\/strong> \u2014ya sea Mijas Pueblo, Mijas Costa o La Cala\u2014, desarrollamos proyectos que se adaptan a un entorno tur\u00edstico y residencial muy din\u00e1mico. Dise\u00f1amos viviendas unifamiliares que combinan funcionalidad y est\u00e9tica mediterr\u00e1nea, gestionamos licencias para negocios locales y llevamos a cabo todo tipo de legalizaciones y certificaciones. Nuestro objetivo es lograr que cada edificaci\u00f3n se integre con armon\u00eda en el paisaje y cumpla con la normativa espec\u00edfica de la Costa del Sol.<\/p><p data-start=\"2881\" data-end=\"3082\">As\u00ed, en <strong data-start=\"2889\" data-end=\"2908\">Arquitectura MR<\/strong>, combinamos t\u00e9cnica, dise\u00f1o y compromiso local para ofrecer soluciones completas y a medida en cada proyecto, ya sea en Alcal\u00e1 la Real, Mijas o cualquier punto de Andaluc\u00eda.<\/p>\t\t\t\t\t\t\t\t<\/div>\n\t\t\t\t<\/div>\n\t\t\t\t\t<\/div>\n\t\t\t\t<\/div>\n\t\t<div class=\"elementor-element elementor-element-445afd5 e-flex e-con-boxed wpr-particle-no wpr-jarallax-no wpr-parallax-no wpr-sticky-section-no e-con e-parent\" data-id=\"445afd5\" data-element_type=\"container\" data-e-type=\"container\">\n\t\t\t\t\t<div class=\"e-con-inner\">\n\t\t<div class=\"elementor-element elementor-element-aed4ca5 e-con-full e-flex wpr-particle-no wpr-jarallax-no wpr-parallax-no wpr-sticky-section-no e-con e-child\" data-id=\"aed4ca5\" data-element_type=\"container\" data-e-type=\"container\">\n\t\t\t\t<div class=\"elementor-element elementor-element-634deb8 elementor-widget elementor-widget-image\" data-id=\"634deb8\" data-element_type=\"widget\" data-e-type=\"widget\" data-widget_type=\"image.default\">\n\t\t\t\t<div class=\"elementor-widget-container\">\n\t\t\t\t\t\t\t\t\t\t\t\t\t\t\t<img fetchpriority=\"high\" decoding=\"async\" width=\"300\" height=\"199\" src=\"https:\/\/arquitecturamr.com\/wp-content\/uploads\/2025\/06\/istockphoto-1337405813-612x612-1-300x199.jpg\" class=\"attachment-medium size-medium wp-image-1354\" alt=\"Servicios- mujer disfruta de tranqulidad gracias a Arquitecura MR\" srcset=\"https:\/\/arquitecturamr.com\/wp-content\/uploads\/2025\/06\/istockphoto-1337405813-612x612-1-300x199.jpg 300w, https:\/\/arquitecturamr.com\/wp-content\/uploads\/2025\/06\/istockphoto-1337405813-612x612-1-18x12.jpg 18w, https:\/\/arquitecturamr.com\/wp-content\/uploads\/2025\/06\/istockphoto-1337405813-612x612-1.jpg 612w\" sizes=\"(max-width: 300px) 100vw, 300px\" \/>\t\t\t\t\t\t\t\t\t\t\t\t\t\t\t<\/div>\n\t\t\t\t<\/div>\n\t\t\t\t<\/div>\n\t\t<div class=\"elementor-element elementor-element-0784000 e-con-full e-flex wpr-particle-no wpr-jarallax-no wpr-parallax-no wpr-sticky-section-no e-con e-child\" data-id=\"0784000\" data-element_type=\"container\" data-e-type=\"container\">\n\t\t\t\t<div class=\"elementor-element elementor-element-48aff4e elementor-widget elementor-widget-text-editor\" data-id=\"48aff4e\" data-element_type=\"widget\" data-e-type=\"widget\" data-widget_type=\"text-editor.default\">\n\t\t\t\t<div class=\"elementor-widget-container\">\n\t\t\t\t\t\t\t\t\t<p data-start=\"2610\" data-end=\"2836\">En <strong data-start=\"2613\" data-end=\"2632\">Arquitectura MR<\/strong>, m\u00e1s que un servicio, te ofrecemos <strong data-start=\"2668\" data-end=\"2729\">tranquilidad, experiencia y compromiso con los resultados<\/strong>. Nuestro objetivo es que disfrutes del proceso sin preocupaciones, sabiendo que todo est\u00e1 en buenas manos.<\/p><p data-start=\"2838\" data-end=\"2975\">Si deseas saber m\u00e1s en profundidad sobre nuestros servicios, puedes explorar nuestro sitio desde la p\u00e1gina principal o a trav\u00e9s del men\u00fa.<\/p><p data-start=\"2977\" data-end=\"3024\"><strong data-start=\"2977\" data-end=\"3024\">\u00a1<a href=\"https:\/\/arquitecturamr.com\/en\/contacto\/\">Cont\u00e1ctanos<\/a> y hagamos posible tu proyecto!<\/strong><\/p>\t\t\t\t\t\t\t\t<\/div>\n\t\t\t\t<\/div>\n\t\t\t\t<\/div>\n\t\t\t\t\t<\/div>\n\t\t\t\t<\/div>\n\t\t\t\t<\/div>","protected":false},"excerpt":{"rendered":"<p>En Arquitectura MR transformamos tus ideas en realidades concretas con profesionalismo, cercan\u00eda y creatividad.Somos un estudio con m\u00e1s de 25 a\u00f1os de experiencia, especializado en servicios de arquitectura t\u00e9cnica y construcci\u00f3n en Andaluc\u00eda. Nuestro enfoque se basa en el acompa\u00f1amiento integral: desde la concepci\u00f3n inicial del proyecto hasta su ejecuci\u00f3n final. Nos dedicamos a la redacci\u00f3n de proyectos personalizados, cuidando cada detalle para que el resultado final refleje fielmente tu visi\u00f3n, estilo y necesidades. Adem\u00e1s, nos encargamos de la direcci\u00f3n de obra, supervisando cada fase constructiva para garantizar calidad, cumplimiento de plazos y normativa vigente. \u00bfNecesitas un c\u00e1lculo estructural riguroso y eficiente? Nuestro equipo t\u00e9cnico analiza y desarrolla soluciones seguras y adaptadas a cada tipo de edificaci\u00f3n, ya sea residencial, comercial o industrial. Tambi\u00e9n realizamos tasaciones precisas y fiables, ofreci\u00e9ndote un valor justo y transparente de tus inmuebles. En el \u00e1mbito de los tr\u00e1mites administrativos, facilitamos todo el proceso. Gestionamos certificados energ\u00e9ticos para mejorar la eficiencia y reducir costes. Nos ocupamos de declaraciones responsables de obra, parcelaciones urban\u00edsticas y certificados de antig\u00fcedad, asegurando que cada propiedad cumpla con las exigencias legales actuales. Adem\u00e1s, contamos con amplia experiencia en la gesti\u00f3n de asimilados a fuera de ordenaci\u00f3n (AFO), regularizando edificaciones y otorg\u00e1ndoles seguridad jur\u00eddica. Tambi\u00e9n realizamos mediciones georreferenciadas con tecnolog\u00eda avanzada, garantizando la precisi\u00f3n en la delimitaci\u00f3n de parcelas y propiedades. Servicios especializados en Ja\u00e9n, Alcal\u00e1 la Real y Mijas En Ja\u00e9n y su entorno \u2014incluyendo especialmente Alcal\u00e1 la Real, donde conocemos a fondo las necesidades urban\u00edsticas y rurales\u2014, ofrecemos un servicio cercano y personalizado. Nos especializamos en reformas, legalizaciones, certificaciones y proyectos adaptados tanto a cascos hist\u00f3ricos como a zonas rurales, ayudando a preservar la identidad local mientras integramos soluciones modernas y eficientes. Por otro lado, en la zona de Mijas \u2014ya sea Mijas Pueblo, Mijas Costa o La Cala\u2014, desarrollamos proyectos que se adaptan a un entorno tur\u00edstico y residencial muy din\u00e1mico. Dise\u00f1amos viviendas unifamiliares que combinan funcionalidad y est\u00e9tica mediterr\u00e1nea, gestionamos licencias para negocios locales y llevamos a cabo todo tipo de legalizaciones y certificaciones. Nuestro objetivo es lograr que cada edificaci\u00f3n se integre con armon\u00eda en el paisaje y cumpla con la normativa espec\u00edfica de la Costa del Sol. As\u00ed, en Arquitectura MR, combinamos t\u00e9cnica, dise\u00f1o y compromiso local para ofrecer soluciones completas y a medida en cada proyecto, ya sea en Alcal\u00e1 la Real, Mijas o cualquier punto de Andaluc\u00eda. En Arquitectura MR, m\u00e1s que un servicio, te ofrecemos tranquilidad, experiencia y compromiso con los resultados. Nuestro objetivo es que disfrutes del proceso sin preocupaciones, sabiendo que todo est\u00e1 en buenas manos. Si deseas saber m\u00e1s en profundidad sobre nuestros servicios, puedes explorar nuestro sitio desde la p\u00e1gina principal o a trav\u00e9s del men\u00fa. \u00a1Cont\u00e1ctanos y hagamos posible tu proyecto!<\/p>","protected":false},"author":1,"featured_media":0,"parent":0,"menu_order":0,"comment_status":"closed","ping_status":"closed","template":"","meta":{"footnotes":""},"class_list":["post-933","page","type-page","status-publish","hentry"],"yoast_head":"<!-- This site is optimized with the Yoast SEO plugin v27.2 - https:\/\/yoast.com\/product\/yoast-seo-wordpress\/ -->\n<title>Servicios - Arquitectura MR<\/title>\n<meta name=\"description\" content=\"Descubre nuestros servicios de arquitectura, construcci\u00f3n y gesti\u00f3n t\u00e9cnica en Andaluc\u00eda. Servicios profesionales y personalizados.\" \/>\n<meta name=\"robots\" content=\"index, follow, max-snippet:-1, max-image-preview:large, max-video-preview:-1\" \/>\n<link rel=\"canonical\" href=\"https:\/\/arquitecturamr.com\/en\/servicios\/\" \/>\n<meta property=\"og:locale\" content=\"en_GB\" \/>\n<meta property=\"og:type\" content=\"article\" \/>\n<meta property=\"og:title\" content=\"Servicios - Arquitectura MR\" \/>\n<meta property=\"og:description\" content=\"Descubre nuestros servicios de arquitectura, construcci\u00f3n y gesti\u00f3n t\u00e9cnica en Andaluc\u00eda. Servicios profesionales y personalizados.\" \/>\n<meta property=\"og:url\" content=\"https:\/\/arquitecturamr.com\/en\/servicios\/\" \/>\n<meta property=\"og:site_name\" content=\"Arquitectura MR\" \/>\n<meta property=\"article:modified_time\" content=\"2025-07-15T10:19:14+00:00\" \/>\n<meta property=\"og:image\" content=\"https:\/\/arquitecturamr.com\/wp-content\/uploads\/2025\/06\/istockphoto-1337405813-612x612-1.jpg\" \/>\n\t<meta property=\"og:image:width\" content=\"612\" \/>\n\t<meta property=\"og:image:height\" content=\"405\" \/>\n\t<meta property=\"og:image:type\" content=\"image\/jpeg\" \/>\n<meta name=\"twitter:card\" content=\"summary_large_image\" \/>\n<meta name=\"twitter:label1\" content=\"Estimated reading time\" \/>\n\t<meta name=\"twitter:data1\" content=\"3 minutes\" \/>\n<script type=\"application\/ld+json\" class=\"yoast-schema-graph\">{\"@context\":\"https:\/\/schema.org\",\"@graph\":[{\"@type\":\"WebPage\",\"@id\":\"https:\/\/arquitecturamr.com\/servicios\/\",\"url\":\"https:\/\/arquitecturamr.com\/servicios\/\",\"name\":\"Servicios - Arquitectura MR\",\"isPartOf\":{\"@id\":\"https:\/\/arquitecturamr.com\/#website\"},\"primaryImageOfPage\":{\"@id\":\"https:\/\/arquitecturamr.com\/servicios\/#primaryimage\"},\"image\":{\"@id\":\"https:\/\/arquitecturamr.com\/servicios\/#primaryimage\"},\"thumbnailUrl\":\"https:\/\/arquitecturamr.com\/wp-content\/uploads\/2025\/06\/istockphoto-1337405813-612x612-1-300x199.jpg\",\"datePublished\":\"2025-02-17T08:08:33+00:00\",\"dateModified\":\"2025-07-15T10:19:14+00:00\",\"description\":\"Descubre nuestros servicios de arquitectura, construcci\u00f3n y gesti\u00f3n t\u00e9cnica en Andaluc\u00eda. Servicios profesionales y personalizados.\",\"breadcrumb\":{\"@id\":\"https:\/\/arquitecturamr.com\/servicios\/#breadcrumb\"},\"inLanguage\":\"en-GB\",\"potentialAction\":[{\"@type\":\"ReadAction\",\"target\":[\"https:\/\/arquitecturamr.com\/servicios\/\"]}]},{\"@type\":\"ImageObject\",\"inLanguage\":\"en-GB\",\"@id\":\"https:\/\/arquitecturamr.com\/servicios\/#primaryimage\",\"url\":\"https:\/\/arquitecturamr.com\/wp-content\/uploads\/2025\/06\/istockphoto-1337405813-612x612-1-300x199.jpg\",\"contentUrl\":\"https:\/\/arquitecturamr.com\/wp-content\/uploads\/2025\/06\/istockphoto-1337405813-612x612-1-300x199.jpg\"},{\"@type\":\"BreadcrumbList\",\"@id\":\"https:\/\/arquitecturamr.com\/servicios\/#breadcrumb\",\"itemListElement\":[{\"@type\":\"ListItem\",\"position\":1,\"name\":\"Portada\",\"item\":\"https:\/\/arquitecturamr.com\/\"},{\"@type\":\"ListItem\",\"position\":2,\"name\":\"Servicios\"}]},{\"@type\":\"WebSite\",\"@id\":\"https:\/\/arquitecturamr.com\/#website\",\"url\":\"https:\/\/arquitecturamr.com\/\",\"name\":\"Arquitectura MR\",\"description\":\"\",\"potentialAction\":[{\"@type\":\"SearchAction\",\"target\":{\"@type\":\"EntryPoint\",\"urlTemplate\":\"https:\/\/arquitecturamr.com\/?s={search_term_string}\"},\"query-input\":{\"@type\":\"PropertyValueSpecification\",\"valueRequired\":true,\"valueName\":\"search_term_string\"}}],\"inLanguage\":\"en-GB\"}]}<\/script>\n<!-- \/ Yoast SEO plugin. -->","yoast_head_json":{"title":"Servicios - Arquitectura MR","description":"Descubre nuestros servicios de arquitectura, construcci\u00f3n y gesti\u00f3n t\u00e9cnica en Andaluc\u00eda. Servicios profesionales y personalizados.","robots":{"index":"index","follow":"follow","max-snippet":"max-snippet:-1","max-image-preview":"max-image-preview:large","max-video-preview":"max-video-preview:-1"},"canonical":"https:\/\/arquitecturamr.com\/en\/servicios\/","og_locale":"en_GB","og_type":"article","og_title":"Servicios - Arquitectura MR","og_description":"Descubre nuestros servicios de arquitectura, construcci\u00f3n y gesti\u00f3n t\u00e9cnica en Andaluc\u00eda. Servicios profesionales y personalizados.","og_url":"https:\/\/arquitecturamr.com\/en\/servicios\/","og_site_name":"Arquitectura MR","article_modified_time":"2025-07-15T10:19:14+00:00","og_image":[{"width":612,"height":405,"url":"https:\/\/arquitecturamr.com\/wp-content\/uploads\/2025\/06\/istockphoto-1337405813-612x612-1.jpg","type":"image\/jpeg"}],"twitter_card":"summary_large_image","twitter_misc":{"Estimated reading time":"3 minutes"},"schema":{"@context":"https:\/\/schema.org","@graph":[{"@type":"WebPage","@id":"https:\/\/arquitecturamr.com\/servicios\/","url":"https:\/\/arquitecturamr.com\/servicios\/","name":"Servicios - Arquitectura MR","isPartOf":{"@id":"https:\/\/arquitecturamr.com\/#website"},"primaryImageOfPage":{"@id":"https:\/\/arquitecturamr.com\/servicios\/#primaryimage"},"image":{"@id":"https:\/\/arquitecturamr.com\/servicios\/#primaryimage"},"thumbnailUrl":"https:\/\/arquitecturamr.com\/wp-content\/uploads\/2025\/06\/istockphoto-1337405813-612x612-1-300x199.jpg","datePublished":"2025-02-17T08:08:33+00:00","dateModified":"2025-07-15T10:19:14+00:00","description":"Descubre nuestros servicios de arquitectura, construcci\u00f3n y gesti\u00f3n t\u00e9cnica en Andaluc\u00eda. Servicios profesionales y personalizados.","breadcrumb":{"@id":"https:\/\/arquitecturamr.com\/servicios\/#breadcrumb"},"inLanguage":"en-GB","potentialAction":[{"@type":"ReadAction","target":["https:\/\/arquitecturamr.com\/servicios\/"]}]},{"@type":"ImageObject","inLanguage":"en-GB","@id":"https:\/\/arquitecturamr.com\/servicios\/#primaryimage","url":"https:\/\/arquitecturamr.com\/wp-content\/uploads\/2025\/06\/istockphoto-1337405813-612x612-1-300x199.jpg","contentUrl":"https:\/\/arquitecturamr.com\/wp-content\/uploads\/2025\/06\/istockphoto-1337405813-612x612-1-300x199.jpg"},{"@type":"BreadcrumbList","@id":"https:\/\/arquitecturamr.com\/servicios\/#breadcrumb","itemListElement":[{"@type":"ListItem","position":1,"name":"Portada","item":"https:\/\/arquitecturamr.com\/"},{"@type":"ListItem","position":2,"name":"Servicios"}]},{"@type":"WebSite","@id":"https:\/\/arquitecturamr.com\/#website","url":"https:\/\/arquitecturamr.com\/","name":"Arquitectura MR","description":"","potentialAction":[{"@type":"SearchAction","target":{"@type":"EntryPoint","urlTemplate":"https:\/\/arquitecturamr.com\/?s={search_term_string}"},"query-input":{"@type":"PropertyValueSpecification","valueRequired":true,"valueName":"search_term_string"}}],"inLanguage":"en-GB"}]}},"_links":{"self":[{"href":"https:\/\/arquitecturamr.com\/en\/wp-json\/wp\/v2\/pages\/933","targetHints":{"allow":["GET"]}}],"collection":[{"href":"https:\/\/arquitecturamr.com\/en\/wp-json\/wp\/v2\/pages"}],"about":[{"href":"https:\/\/arquitecturamr.com\/en\/wp-json\/wp\/v2\/types\/page"}],"author":[{"embeddable":true,"href":"https:\/\/arquitecturamr.com\/en\/wp-json\/wp\/v2\/users\/1"}],"replies":[{"embeddable":true,"href":"https:\/\/arquitecturamr.com\/en\/wp-json\/wp\/v2\/comments?post=933"}],"version-history":[{"count":24,"href":"https:\/\/arquitecturamr.com\/en\/wp-json\/wp\/v2\/pages\/933\/revisions"}],"predecessor-version":[{"id":1474,"href":"https:\/\/arquitecturamr.com\/en\/wp-json\/wp\/v2\/pages\/933\/revisions\/1474"}],"wp:attachment":[{"href":"https:\/\/arquitecturamr.com\/en\/wp-json\/wp\/v2\/media?parent=933"}],"curies":[{"name":"wp","href":"https:\/\/api.w.org\/{rel}","templated":true}]}}